{"id":2601,"date":"2022-06-06T09:37:09","date_gmt":"2022-06-06T09:37:09","guid":{"rendered":"https:\/\/www.cadelbosco.com\/?page_id=2601"},"modified":"2022-10-18T07:25:08","modified_gmt":"2022-10-18T07:25:08","slug":"privacy-visit","status":"publish","type":"page","link":"https:\/\/www.cadelbosco.com\/it\/privacy-visit\/","title":{"rendered":"INFORMATIVA SUL TRATTAMENTO DEI DATI PERSONALI."},"content":{"rendered":"<p>La presente informativa \u00e8 rilasciata nel rispetto della disciplina europea e italiana in materia di protezione dei dati personali.<\/p>\n<p><strong>Titolari del trattamento dei dati personali (di seguito \u201cTitolari\u201d)<\/strong><br \/>\nLe finalit\u00e0 di cui al successivo punto 1) \u00e8 perseguita, in qualit\u00e0 di unico titolare del trattamento, dalla societ\u00e0 che gestisce la cantina e che vende i relativi prodotti.<br \/>\nLe finalit\u00e0 di cui ai successivi punti 2), 3) e 4) sono perseguite da Ca\u2019 del Bosco Hospitality S.r.l. (di seguito \u201c<strong>C.d.B. Hospitality<\/strong>\u201d) e da Ca\u2019 del Bosco S.r.l. Societ\u00e0 Agricola (di seguito \u201c<strong>C.d.B. Agricola<\/strong>\u201d), che operano in qualit\u00e0 di contitolari del trattamento in relazione ai prodotti e servizi proposti da entrambe (di seguito complessivamente \u201c<br \/>\n<strong>Prodotti e Servizi<\/strong>\u201d).<\/p>\n<p><strong>Finalit\u00e0 e base giuridica del trattamento<\/strong><br \/>\n1) rispondere alle richieste inoltrate attraverso il presente form, volte a ottenere informazioni o a prenotare una visita; in caso di prenotazione, compiere tutte le attivit\u00e0 amministrative, commerciali (incluso l\u2019invio di comunicazioni volte a ricordare la visita prenotata, a trasmettere l\u2019invito ad accedere ai contenuti della cantina e a ringraziare per la visita effettuata), contabili e fiscali che ne derivano e, pi\u00f9 in generale, adempiere a tutti gli obblighi di legge, oltre che per esercitare e\/o difendere i propri diritti: il consenso non \u00e8 richiesto, perch\u00e9 il trattamento \u00e8 necessario per il perseguimento di tutte queste finalit\u00e0;<br \/>\n2) utilizzare i recapiti dell\u2019Interessato (telefono, cellulare, e-mail) per trasmettere, in relazione a Prodotti e Servizi, informazioni commerciali, promozioni, inviti a eventi, sondaggi d\u2019opinione, ecc. (\u201c<strong>Marketing<\/strong>\u201d): per tale finalit\u00e0 \u00e8 necessario il consenso espresso;<br \/>\n3) analizzare comportamenti, abitudini e propensioni al consumo dell\u2019Interessato, al fine di soddisfarne le specifiche esigenze e di migliorare Prodotti e Servizi, anche attraverso l\u2019invio di comunicazioni commerciali personalizzate (\u201c<strong>Profilazione<\/strong>\u201d): per tale finalit\u00e0 \u00e8 necessario il consenso espresso, distinto di quello di cui al punto precedente;<br \/>\n4) documentare i consensi rilasciati per le comunicazioni inviate per finalit\u00e0 di Marketing e\/o<br \/>\nProfilazione anche successivamente alla revoca degli stessi: per tale finalit\u00e0 non \u00e8 richiesto il consenso espresso, perch\u00e9 il trattamento \u00e8 necessario per il perseguimento del legittimo interesse di C.d.B. Hospitality e C.d.B. Agricola a gestire agevolmente eventuali richieste in tale ambito (da parte dell\u2019Interessato e delle Autorit\u00e0 competenti), a tutela dell\u2019immagine di entrambe.<\/p>\n<p><strong>Profilazione<\/strong><br \/>\nPer la finalit\u00e0 di cui al punto 3), <strong>C.d.B. Hospitality<\/strong> e <strong>C.d.B.<br \/>\nAgricola<\/strong>, attraverso processi decisionali automatizzati, intendono analizzare l\u2019interazione dell\u2019Interessato con le comunicazioni ricevute per finalit\u00e0 di Marketing (es. apertura, click, ecc.) e i suoi comportamenti correlati alle esperienze vissute con le due aziende (es. visite, acquisti, ecc.), al fine di attivare una procedura di comunicazione basata su tali analisi.<\/p>\n<p><strong>Periodo di conservazione dei dati<\/strong><br \/>\nI Titolari trattano i dati secondo i seguenti criteri temporali:<\/p>\n<p>&#8211; in relazione alla finalit\u00e0 di cui al punto 1), i dati sono trattati per il tempo necessario a dare riscontro e, di regola, per non oltre tre mesi dall\u2019ultimo contatto; in caso di prenotazione, i dati sono trattati per l\u2019espletamento di tutti gli adempimenti connessi o derivanti, per il periodo prescritto dalla legge e secondo il termine di prescrizione dei diritti scaturenti dal rapporto con l\u2019Interessato;<br \/>\n&#8211; per la finalit\u00e0 di cui al punto 2), i dati saranno trattati per i 24 mesi successivi alla loro registrazione, fermo restando che l\u2019Interessato potr\u00e0 revocare il consenso in qualsiasi momento e che la revoca potr\u00e0 riguardare anche una sola modalit\u00e0 di contatto;<br \/>\n&#8211; per la finalit\u00e0 di cui al punto 3), i dati saranno trattati per i 12 mesi successivi alla loro registrazione, fermo restando che l\u2019Interessato potr\u00e0 revocare il consenso in qualsiasi momento;<br \/>\n&#8211; per la finalit\u00e0 di cui al punto 4), i dati saranno trattati per i 6 mesi successivi alla revoca dell\u2019ultimo consenso prestato.<\/p>\n<p>In ogni caso, \u00e8 fatta salva l\u2019ulteriore conservazione per il tempo necessario alla definizione (comunque raggiunta) delle controversie eventualmente insorte.<\/p>\n<p><strong>Natura del conferimento dei dati e conseguenze in caso di rifiuto<\/strong><br \/>\nIl conferimento dei dati per le finalit\u00e0 di cui al punto 1) \u00e8 necessario e pertanto l&#8217;eventuale rifiuto a fornirli in tutto o in parte pu\u00f2 dar luogo all&#8217;impossibilit\u00e0 per l\u2019Interessato di chiedere e ottenere soggetto che effettua la prenotazione di indicare i dati identificativi degli ulteriori partecipanti: il soggetto garantisce quindi l\u2019esattezza di tali informazioni e si impegna a portare a loro conoscenza la presente informativa, che si applica a costoro solo in relazione alla finalit\u00e0 di prenotazione.<br \/>\nIl conferimento per le ulteriori finalit\u00e0 \u00e8 facoltativo: in mancanza, <strong>C.d.B. Hospitality<\/strong> e <strong>C.d.B. Agricola<\/strong> non trasmetteranno comunicazioni per finalit\u00e0 di Marketing e\/o non effettueranno attivit\u00e0 di Profilazione, ma l\u2019Interessato potr\u00e0 comunque chiedere e ottenere informazioni, nonch\u00e9 prenotare ed effettuare la visita.<br \/>\nIn corrispondenza del form sono fornite indicazioni di dettaglio sul punto.<\/p>\n<p><strong>Categorie dei destinatari<\/strong><br \/>\nI Titolari non diffonderanno i dati, ma intendono comunicarli a figure interne autorizzate al trattamento in ragione delle rispettive mansioni, nonch\u00e9 a professionisti o societ\u00e0 di servizi (es. informatici), oltre che ad Enti Pubblici e privati, anche a seguito di ispezioni e verifiche.<br \/>\nTali destinatari, ove trattino dati per conto di uno dei Titolari, sono nominati responsabili del trattamento con apposito contratto o altro atto giuridico.<\/p>\n<p><strong>Trasferimento dati verso un Paese terzo e\/o un\u2019organizzazione internazionale<\/strong><br \/>\nI Titolari si avvalgono di alcuni servizi informatici in cloud computing che possono comportare un trattamento di dati attraverso server o apparecchiature informatiche collocati al di fuori dello Spazio Economico Europeo: in tutti questi casi, i trasferimenti saranno effettuati in conformit\u00e0 con le specifiche prescrizioni previste dalla disciplina in materia di protezione dei dati personali. In particolare, i trasferimenti avverranno verso Paesi dotati di una legislazione privacy che la Commissione Europea ha considerato adeguata, ovvero vincolando i destinatari con specifiche clausole contrattuali (quelle di Gruppo, che si applicano alle consociate e quella approvate dalla stessa Commissione, che sia applicano agli altri): \u00e8 possibile contattare i Titolari per maggiori informazioni.<\/p>\n<p><strong>Diritti degli interessati<\/strong><br \/>\nL\u2019interessato ha il diritto di chiedere ai Titolari di accedere ai propri dati personali e di rettificarli se inesatti, di cancellarli o limitarne il trattamento se ne ricorrono i presupposti, di opporsi al loro trattamento per legittimi interessi perseguiti dai Titolari, nonch\u00e9 di ottenere la portabilit\u00e0 dei dati personalmente forniti solo se oggetto di un trattamento automatizzato basato sul consenso o sul contratto. L\u2019interessato ha altres\u00ec il diritto di revocare il consenso prestato per le finalit\u00e0 di trattamento che lo richiedono, ferma restando la liceit\u00e0 del trattamento effettuato sino al momento della revoca.<br \/>\nCon riguardo ai trattamenti effettuati in contitolarit\u00e0, l\u2019Interessato ha diritto di conoscere il contenuto essenziale dell\u2019accordo che C.d.B. Hospitality e C.d.B. Agricola hanno stipulato per definire i rispettivi compiti.<br \/>\nPer esercitare i propri diritti, l\u2019Interessato pu\u00f2 utilizzare il modulo disponibile <a href=\"https:\/\/www.garanteprivacy.it\/web\/guest\/home\/docweb\/-\/docweb-display\/docweb\/1089924\" target=\"_blank\" rel=\"noopener noreferrer\">qui<\/a> e inoltrarlo a uno dei seguenti recapiti:<\/p>\n<p>&#8211; in relazione ai trattamenti effettuati dalla societ\u00e0 che gestisce il presente sito web &#8211; finalit\u00e0 di cui al punto 1) &#8211; la richiesta potr\u00e0 essere inviata a <a href=\"mailto:privacy@cadelbosco.com\">privacy@cadelbosco.com;<\/a><\/p>\n<p>&#8211; in relazione ai trattamenti effettuati in contitolarit\u00e0 da <strong>C.d.B. Hospitality<\/strong> e <strong>C.d.B. Agricola<\/strong> &#8211; finalit\u00e0 di cui ai punti 2), 3) e 4) &#8211; la richiesta potr\u00e0 essere inviata a <strong>C.d.B. Hospitality<\/strong>, individuata quale punto di contatto comune, al seguente recapito: <a href=\"mailto:privacy@cadelbosco.com\">privacy@cadelbosco.com;<\/a>.<\/p>\n<p>L\u2019Interessato ha anche il diritto di proporre reclamo all\u2019autorit\u00e0 di controllo competente in materia, Garante per la protezione dei dati personali (<a href=\"http:\/\/www.garanteprivacy.it\" target=\"_blank\" rel=\"noopener noreferrer\">www.garanteprivacy.it<\/a>).<\/p>\n","protected":false},"excerpt":{"rendered":"<p>La presente informativa \u00e8 rilasciata nel rispetto della disciplina europea e italiana in materia di protezione dei dati personali. Titolari del trattamento dei dati personali (di seguito \u201cTitolari\u201d) Le finalit\u00e0 di cui al successivo punto 1) \u00e8 perseguita, in qualit\u00e0 di unico titolare del trattamento, dalla societ\u00e0 che gestisce la cantina e che vende i [&hellip;]<\/p>\n","protected":false},"author":1,"featured_media":0,"parent":0,"menu_order":0,"comment_status":"closed","ping_status":"closed","template":"page-simple-content.php","meta":{"_acf_changed":false,"footnotes":""},"class_list":["post-2601","page","type-page","status-publish","hentry"],"acf":[],"yoast_head":"<!-- This site is optimized with the Yoast SEO plugin v26.5 - https:\/\/yoast.com\/wordpress\/plugins\/seo\/ -->\n<title>INFORMATIVA SUL TRATTAMENTO DEI DATI PERSONALI. | Ca&#039; Del Bosco<\/title>\n<meta name=\"robots\" content=\"index, follow, max-snippet:-1, max-image-preview:large, max-video-preview:-1\" \/>\n<link rel=\"canonical\" href=\"https:\/\/www.cadelbosco.com\/it\/privacy-visit\/\" \/>\n<meta property=\"og:locale\" content=\"it_IT\" \/>\n<meta property=\"og:type\" content=\"article\" \/>\n<meta property=\"og:title\" content=\"INFORMATIVA SUL TRATTAMENTO DEI DATI PERSONALI. | Ca&#039; Del Bosco\" \/>\n<meta property=\"og:description\" content=\"La presente informativa \u00e8 rilasciata nel rispetto della disciplina europea e italiana in materia di protezione dei dati personali. Titolari del trattamento dei dati personali (di seguito \u201cTitolari\u201d) Le finalit\u00e0 di cui al successivo punto 1) \u00e8 perseguita, in qualit\u00e0 di unico titolare del trattamento, dalla societ\u00e0 che gestisce la cantina e che vende i [&hellip;]\" \/>\n<meta property=\"og:url\" content=\"https:\/\/www.cadelbosco.com\/it\/privacy-visit\/\" \/>\n<meta property=\"og:site_name\" content=\"Ca&#039; Del Bosco\" \/>\n<meta property=\"article:publisher\" content=\"https:\/\/www.facebook.com\/CaDelBosco\" \/>\n<meta property=\"article:modified_time\" content=\"2022-10-18T07:25:08+00:00\" \/>\n<meta property=\"og:image\" content=\"https:\/\/www.cadelbosco.com\/wp-content\/uploads\/2022\/10\/image_2022-10-11_130118493.png\" \/>\n\t<meta property=\"og:image:width\" content=\"1600\" \/>\n\t<meta property=\"og:image:height\" content=\"750\" \/>\n\t<meta property=\"og:image:type\" content=\"image\/png\" \/>\n<meta name=\"twitter:card\" content=\"summary_large_image\" \/>\n<meta name=\"twitter:site\" content=\"@cadelboscoita\" \/>\n<meta name=\"twitter:label1\" content=\"Tempo di lettura stimato\" \/>\n\t<meta name=\"twitter:data1\" content=\"6 minuti\" \/>\n<script type=\"application\/ld+json\" class=\"yoast-schema-graph\">{\"@context\":\"https:\/\/schema.org\",\"@graph\":[{\"@type\":\"WebPage\",\"@id\":\"https:\/\/www.cadelbosco.com\/it\/privacy-visit\/\",\"url\":\"https:\/\/www.cadelbosco.com\/it\/privacy-visit\/\",\"name\":\"INFORMATIVA SUL TRATTAMENTO DEI DATI PERSONALI. | Ca&#039; Del Bosco\",\"isPartOf\":{\"@id\":\"https:\/\/www.cadelbosco.com\/it\/#website\"},\"datePublished\":\"2022-06-06T09:37:09+00:00\",\"dateModified\":\"2022-10-18T07:25:08+00:00\",\"breadcrumb\":{\"@id\":\"https:\/\/www.cadelbosco.com\/it\/privacy-visit\/#breadcrumb\"},\"inLanguage\":\"it-IT\",\"potentialAction\":[{\"@type\":\"ReadAction\",\"target\":[\"https:\/\/www.cadelbosco.com\/it\/privacy-visit\/\"]}]},{\"@type\":\"BreadcrumbList\",\"@id\":\"https:\/\/www.cadelbosco.com\/it\/privacy-visit\/#breadcrumb\",\"itemListElement\":[{\"@type\":\"ListItem\",\"position\":1,\"name\":\"Home\",\"item\":\"https:\/\/www.cadelbosco.com\/it\/\"},{\"@type\":\"ListItem\",\"position\":2,\"name\":\"INFORMATIVA SUL TRATTAMENTO DEI DATI PERSONALI.\"}]},{\"@type\":\"WebSite\",\"@id\":\"https:\/\/www.cadelbosco.com\/it\/#website\",\"url\":\"https:\/\/www.cadelbosco.com\/it\/\",\"name\":\"Ca&#039; Del Bosco\",\"description\":\"Franciacorta e vini\",\"publisher\":{\"@id\":\"https:\/\/www.cadelbosco.com\/it\/#organization\"},\"potentialAction\":[{\"@type\":\"SearchAction\",\"target\":{\"@type\":\"EntryPoint\",\"urlTemplate\":\"https:\/\/www.cadelbosco.com\/it\/?s={search_term_string}\"},\"query-input\":{\"@type\":\"PropertyValueSpecification\",\"valueRequired\":true,\"valueName\":\"search_term_string\"}}],\"inLanguage\":\"it-IT\"},{\"@type\":\"Organization\",\"@id\":\"https:\/\/www.cadelbosco.com\/it\/#organization\",\"name\":\"Ca' del Bosco\",\"url\":\"https:\/\/www.cadelbosco.com\/it\/\",\"logo\":{\"@type\":\"ImageObject\",\"inLanguage\":\"it-IT\",\"@id\":\"https:\/\/www.cadelbosco.com\/it\/#\/schema\/logo\/image\/\",\"url\":\"https:\/\/www.cadelbosco.com\/wp-content\/uploads\/2022\/10\/6_epNQsa_400x400.jpeg\",\"contentUrl\":\"https:\/\/www.cadelbosco.com\/wp-content\/uploads\/2022\/10\/6_epNQsa_400x400.jpeg\",\"width\":400,\"height\":400,\"caption\":\"Ca' del Bosco\"},\"image\":{\"@id\":\"https:\/\/www.cadelbosco.com\/it\/#\/schema\/logo\/image\/\"},\"sameAs\":[\"https:\/\/www.facebook.com\/CaDelBosco\",\"https:\/\/x.com\/cadelboscoita\",\"https:\/\/www.instagram.com\/cadelbosco_official\/\"]}]}<\/script>\n<!-- \/ Yoast SEO plugin. -->","yoast_head_json":{"title":"INFORMATIVA SUL TRATTAMENTO DEI DATI PERSONALI. | Ca&#039; Del Bosco","robots":{"index":"index","follow":"follow","max-snippet":"max-snippet:-1","max-image-preview":"max-image-preview:large","max-video-preview":"max-video-preview:-1"},"canonical":"https:\/\/www.cadelbosco.com\/it\/privacy-visit\/","og_locale":"it_IT","og_type":"article","og_title":"INFORMATIVA SUL TRATTAMENTO DEI DATI PERSONALI. | Ca&#039; Del Bosco","og_description":"La presente informativa \u00e8 rilasciata nel rispetto della disciplina europea e italiana in materia di protezione dei dati personali. Titolari del trattamento dei dati personali (di seguito \u201cTitolari\u201d) Le finalit\u00e0 di cui al successivo punto 1) \u00e8 perseguita, in qualit\u00e0 di unico titolare del trattamento, dalla societ\u00e0 che gestisce la cantina e che vende i [&hellip;]","og_url":"https:\/\/www.cadelbosco.com\/it\/privacy-visit\/","og_site_name":"Ca&#039; Del Bosco","article_publisher":"https:\/\/www.facebook.com\/CaDelBosco","article_modified_time":"2022-10-18T07:25:08+00:00","og_image":[{"width":1600,"height":750,"url":"https:\/\/www.cadelbosco.com\/wp-content\/uploads\/2022\/10\/image_2022-10-11_130118493.png","type":"image\/png"}],"twitter_card":"summary_large_image","twitter_site":"@cadelboscoita","twitter_misc":{"Tempo di lettura stimato":"6 minuti"},"schema":{"@context":"https:\/\/schema.org","@graph":[{"@type":"WebPage","@id":"https:\/\/www.cadelbosco.com\/it\/privacy-visit\/","url":"https:\/\/www.cadelbosco.com\/it\/privacy-visit\/","name":"INFORMATIVA SUL TRATTAMENTO DEI DATI PERSONALI. | Ca&#039; Del Bosco","isPartOf":{"@id":"https:\/\/www.cadelbosco.com\/it\/#website"},"datePublished":"2022-06-06T09:37:09+00:00","dateModified":"2022-10-18T07:25:08+00:00","breadcrumb":{"@id":"https:\/\/www.cadelbosco.com\/it\/privacy-visit\/#breadcrumb"},"inLanguage":"it-IT","potentialAction":[{"@type":"ReadAction","target":["https:\/\/www.cadelbosco.com\/it\/privacy-visit\/"]}]},{"@type":"BreadcrumbList","@id":"https:\/\/www.cadelbosco.com\/it\/privacy-visit\/#breadcrumb","itemListElement":[{"@type":"ListItem","position":1,"name":"Home","item":"https:\/\/www.cadelbosco.com\/it\/"},{"@type":"ListItem","position":2,"name":"INFORMATIVA SUL TRATTAMENTO DEI DATI PERSONALI."}]},{"@type":"WebSite","@id":"https:\/\/www.cadelbosco.com\/it\/#website","url":"https:\/\/www.cadelbosco.com\/it\/","name":"Ca&#039; Del Bosco","description":"Franciacorta e vini","publisher":{"@id":"https:\/\/www.cadelbosco.com\/it\/#organization"},"potentialAction":[{"@type":"SearchAction","target":{"@type":"EntryPoint","urlTemplate":"https:\/\/www.cadelbosco.com\/it\/?s={search_term_string}"},"query-input":{"@type":"PropertyValueSpecification","valueRequired":true,"valueName":"search_term_string"}}],"inLanguage":"it-IT"},{"@type":"Organization","@id":"https:\/\/www.cadelbosco.com\/it\/#organization","name":"Ca' del Bosco","url":"https:\/\/www.cadelbosco.com\/it\/","logo":{"@type":"ImageObject","inLanguage":"it-IT","@id":"https:\/\/www.cadelbosco.com\/it\/#\/schema\/logo\/image\/","url":"https:\/\/www.cadelbosco.com\/wp-content\/uploads\/2022\/10\/6_epNQsa_400x400.jpeg","contentUrl":"https:\/\/www.cadelbosco.com\/wp-content\/uploads\/2022\/10\/6_epNQsa_400x400.jpeg","width":400,"height":400,"caption":"Ca' del Bosco"},"image":{"@id":"https:\/\/www.cadelbosco.com\/it\/#\/schema\/logo\/image\/"},"sameAs":["https:\/\/www.facebook.com\/CaDelBosco","https:\/\/x.com\/cadelboscoita","https:\/\/www.instagram.com\/cadelbosco_official\/"]}]}},"_links":{"self":[{"href":"https:\/\/www.cadelbosco.com\/it\/wp-json\/wp\/v2\/pages\/2601","targetHints":{"allow":["GET"]}}],"collection":[{"href":"https:\/\/www.cadelbosco.com\/it\/wp-json\/wp\/v2\/pages"}],"about":[{"href":"https:\/\/www.cadelbosco.com\/it\/wp-json\/wp\/v2\/types\/page"}],"author":[{"embeddable":true,"href":"https:\/\/www.cadelbosco.com\/it\/wp-json\/wp\/v2\/users\/1"}],"replies":[{"embeddable":true,"href":"https:\/\/www.cadelbosco.com\/it\/wp-json\/wp\/v2\/comments?post=2601"}],"version-history":[{"count":6,"href":"https:\/\/www.cadelbosco.com\/it\/wp-json\/wp\/v2\/pages\/2601\/revisions"}],"predecessor-version":[{"id":3684,"href":"https:\/\/www.cadelbosco.com\/it\/wp-json\/wp\/v2\/pages\/2601\/revisions\/3684"}],"wp:attachment":[{"href":"https:\/\/www.cadelbosco.com\/it\/wp-json\/wp\/v2\/media?parent=2601"}],"curies":[{"name":"wp","href":"https:\/\/api.w.org\/{rel}","templated":true}]}}