{"id":3059,"date":"2022-06-23T07:42:22","date_gmt":"2022-06-23T07:42:22","guid":{"rendered":"https:\/\/www.cadelbosco.com\/?page_id=3059"},"modified":"2024-01-17T09:48:56","modified_gmt":"2024-01-17T09:48:56","slug":"privacy-newsletter","status":"publish","type":"page","link":"https:\/\/www.cadelbosco.com\/it\/privacy-newsletter\/","title":{"rendered":"Privacy per newsletter"},"content":{"rendered":"<p>Ca\u2019 del Bosco Hospitality S.r.l. e Ca\u2019 del Bosco S.r.l. Societ\u00e0 Agricola, in qualit\u00e0 di contitolari del trattamento dei dati personali (di seguito, rispettivamente \u201c<strong>C.d.B. Hospitality<\/strong>\u201d, \u201c<strong>C.d.B. Agricola<\/strong>\u201d e \u201c<strong>Contitolari<\/strong>\u201d), rilasciano la presente informativa all\u2019Interessato nel rispetto della disciplina europea e italiana in materia di protezione dei dati personali.<\/p>\n<p>Ai fini dei trattamenti descritti nella presente informativa, C.d.B. Hospitality e C.d.B. Agricola operano quali Contitolari in relazione ai prodotti e servizi proposti da entrambe (di seguito complessivamente \u201c<strong>Prodotti e Servizi<\/strong>\u201d).<\/p>\n<p><strong><u>Finalit\u00e0 e base giuridica del trattamento<\/u><\/strong><br \/>\nC.d.B. Hospitality e C.d.B. Agricola trattano i dati personali per diverse finalit\u00e0:<br \/>\n1) utilizzare i recapiti dell\u2019Interessato (telefono, cellulare, e-mail) per trasmettere, in relazione a Prodotti e Servizi, informazioni commerciali, promozioni, inviti a eventi, sondaggi d\u2019opinione, ecc. (\u201cMarketing\u201d): per tale finalit\u00e0 \u00e8 necessario il consenso espresso;<br \/>\n2) analizzare comportamenti, abitudini e propensioni al consumo dell\u2019Interessato, al fine di soddisfarne le specifiche esigenze e di migliorare Prodotti e Servizi, anche attraverso l\u2019invio di comunicazioni commerciali personalizzate (\u201cProfilazione\u201d): per tale finalit\u00e0 \u00e8 necessario il consenso espresso, distinto di quello di cui al punto precedente;<br \/>\n3) documentare i consensi rilasciati per le comunicazioni inviate per finalit\u00e0 di Marketing e\/o Profilazione anche successivamente alla revoca degli stessi: per tale finalit\u00e0 non \u00e8 richiesto il consenso espresso, perch\u00e9 il trattamento \u00e8 necessario per il perseguimento del legittimo interesse di C.d.B. Hospitality e C.d.B. Agricola a gestire agevolmente eventuali richieste in tale ambito (da parte dell\u2019Interessato e delle Autorit\u00e0 competenti), a tutela dell\u2019immagine di entrambe.<\/p>\n<p><strong><u>Profilazione<\/u><\/strong><br \/>\nPer la finalit\u00e0 di cui al punto 2), C.d.B. Hospitality e C.d.B. Agricola, attraverso processi decisionali automatizzati, intendono analizzare l\u2019interazione dell\u2019Interessato con le comunicazioni ricevute per finalit\u00e0 di Marketing (es. apertura, click, ecc.) e i suoi comportamenti correlati alle esperienze vissute con le due aziende (es. visite, acquisti, ecc.), al fine di attivare una procedura di comunicazione basata su tali analisi.<\/p>\n<p><strong><u>Periodo di conservazione dei dati<\/u><\/strong><br \/>\nI Contitolari intendono trattare i dati secondo i seguenti criteri temporali:<br \/>\n\u2013 per la finalit\u00e0 di cui al punto 1), i dati saranno trattati per i 24 mesi successivi alla loro registrazione, fermo restando che l\u2019Interessato potr\u00e0 revocare il consenso in qualsiasi momento e che la revoca potr\u00e0 riguardare anche una sola modalit\u00e0 di contatto;<br \/>\n\u2013 per la finalit\u00e0 di cui al punto 2), i dati saranno trattati per i 12 mesi successivi alla loro registrazione, fermo restando che l\u2019Interessato potr\u00e0 revocare il consenso in qualsiasi momento;<br \/>\n\u2013 per la finalit\u00e0 di cui al punto 3), i dati saranno trattati per i 6 mesi successivi alla revoca dell\u2019ultimo consenso prestato.<br \/>\nIn ogni caso, \u00e8 fatta salva l\u2019ulteriore conservazione per il tempo necessario alla definizione (comunque raggiunta) delle controversie eventualmente insorte.<\/p>\n<p><strong><u>Natura del conferimento dei dati e conseguenze in caso di rifiuto<\/u><\/strong><br \/>\nIl conferimento dei dati \u00e8 facoltativo: in mancanza, C.d.B. Hospitality e C.d.B. Agricola non trasmetteranno comunicazioni per finalit\u00e0 di Marketing e\/o non effettueranno attivit\u00e0 di Profilazione; in caso di mancato consenso alla Profilazione, l\u2019Interessato potr\u00e0 comunque ricevere comunicazioni di Marketing, che quindi avranno carattere meno personalizzato: in corrispondenza del form sono fornite indicazioni di dettaglio sul punto.<\/p>\n<p><strong><u>Categorie dei destinatari<\/u><\/strong><br \/>\nI Contitolari non diffonderanno i dati, ma intendono comunicarli a figure interne autorizzate al trattamento in ragione delle rispettive mansioni, nonch\u00e9 a professionisti o societ\u00e0 di servizi (es. informatici), oltre che ad Enti Pubblici e privati, anche a seguito di ispezioni e verifiche.<br \/>\nTali destinatari, ove dovessero trattare dati per conto dei Contitolari, saranno nominati responsabili del trattamento con apposito contratto o altro atto giuridico.<\/p>\n<p><strong><u>Trasferimento dati verso un Paese terzo e\/o un\u2019organizzazione internazionale<\/u><\/strong><br \/>\nI Contitolari si avvalgono di alcuni servizi informatici in cloud computing che possono comportare un trattamento di dati attraverso server o apparecchiature informatiche collocati al di fuori dello Spazio Economico Europeo: in tutti questi casi, i trasferimenti saranno effettuati in conformit\u00e0 con le specifiche prescrizioni previste dalla disciplina in materia di protezione dei dati personali. In particolare, i trasferimenti avverranno verso Paesi dotati di una legislazione privacy che la Commissione Europea ha considerato adeguata, ovvero vincolando i destinatari con specifiche clausole contrattuali (quelle di Gruppo, che si applicano alle consociate e quella approvate dalla stessa Commissione, che sia applicano agli altri): \u00e8 possibile contattare i Contitolari per maggiori informazioni.<\/p>\n<p><strong><u>Diritti degli interessati<\/u><\/strong><br \/>\nL\u2019interessato ha il diritto di chiedere ai Contitolari di accedere ai propri dati personali e di rettificarli se inesatti, di cancellarli o limitarne il trattamento se ne ricorrono i presupposti, di opporsi al loro trattamento per legittimi interessi perseguiti dai Contitolari, nonch\u00e9 di ottenere la portabilit\u00e0 dei dati personalmente forniti solo se oggetto di un trattamento automatizzato basato sul consenso o sul contratto. L\u2019interessato ha altres\u00ec il diritto di revocare il consenso prestato per le finalit\u00e0 di trattamento che lo richiedono, ferma restando la liceit\u00e0 del trattamento effettuato sino al momento della revoca.<br \/>\nL\u2019Interessato ha poi diritto di conoscere il contenuto essenziale dell\u2019accordo che C.d.B. Hospitality e C.d.B. Agricola hanno stipulato per definire i rispettivi compiti.<br \/>\nPer esercitare i propri diritti, l\u2019Interessato pu\u00f2 utilizzare il modulo disponibile <a href=\"https:\/\/www.garanteprivacy.it\/web\/guest\/home\/docweb\/-\/docweb-display\/docweb\/1089924\" target=\"_blank\" rel=\"noopener noreferrer\">qui<\/a> e inoltrarlo a <strong>C.d.B. Hospitality<\/strong>, individuata quale punto di contatto comune, al seguente recapito: <a href=\"mailto:privacy@cadelbosco.com\" target=\"_blank\" rel=\"noopener\">privacy@cadelbosco.com<\/a>. L\u2019Interessato ha anche il diritto di proporre reclamo all\u2019autorit\u00e0 di controllo competente in materia, Garante per la protezione dei dati personali (<a href=\"https:\/\/www.garanteprivacy.it\/\" target=\"_blank\" rel=\"noopener noreferrer\">www.garanteprivacy.it<\/a>).<\/p>\n<p><strong>Istruzioni di utilizzo:<\/strong><br \/>\n1) online (landing page):<br \/>\n\u2013 la frase evidenziata in giallo andr\u00e0 rimossa dal presente file e inserita in calce al form, in corrispondenza di check box non preselezionate: la selezione della prima casella deve essere condizione indispensabile per procedere, mentre l\u2019utente deve poter rifiutare la profilazione e ricevere quindi generiche comunicazioni per finalit\u00e0 di marketing;<br \/>\n\u2013 il testo dell\u2019informativa (quello che precede le presenti istruzioni) dovr\u00e0 essere messo a disposizione in corrispondenza del form, ovvero sotto forma di link associato alle parole \u201cinformazioni sul trattamento dei dati personali\u201d della frase evidenziata in giallo.<br \/>\n2) offline (es. cantine, fiere, eventi, ecc.):<br \/>\n\u2013 il testo dell\u2019informativa (quello che precede le presenti istruzioni) dovr\u00e0 essere messo a disposizione in formato cartaceo, ben visibile, nel luogo in cui l\u2019operatore di Santa Margherita propone al cliente\/visitatore di prestare i consensi;<br \/>\n\u2013 l\u2019inserimento dei dati e dei consensi saranno invece gestiti dall\u2019operatore da proprio terminale, tramite landing page (lo stesso form online del sito web).<\/p>\n","protected":false},"excerpt":{"rendered":"<p>Ca\u2019 del Bosco Hospitality S.r.l. e Ca\u2019 del Bosco S.r.l. Societ\u00e0 Agricola, in qualit\u00e0 di contitolari del trattamento dei dati personali (di seguito, rispettivamente \u201cC.d.B. Hospitality\u201d, \u201cC.d.B. Agricola\u201d e \u201cContitolari\u201d), rilasciano la presente informativa all\u2019Interessato nel rispetto della disciplina europea e italiana in materia di protezione dei dati personali. Ai fini dei trattamenti descritti nella [&hellip;]<\/p>\n","protected":false},"author":1,"featured_media":0,"parent":0,"menu_order":0,"comment_status":"closed","ping_status":"closed","template":"page-simple-content.php","meta":{"_acf_changed":false,"footnotes":""},"class_list":["post-3059","page","type-page","status-publish","hentry"],"acf":[],"yoast_head":"<!-- This site is optimized with the Yoast SEO plugin v26.5 - https:\/\/yoast.com\/wordpress\/plugins\/seo\/ -->\n<title>Privacy per newsletter | Ca&#039; Del Bosco<\/title>\n<meta name=\"description\" content=\"Privacy Policy\" \/>\n<meta name=\"robots\" content=\"index, follow, max-snippet:-1, max-image-preview:large, max-video-preview:-1\" \/>\n<link rel=\"canonical\" href=\"https:\/\/www.cadelbosco.com\/it\/privacy-newsletter\/\" \/>\n<meta property=\"og:locale\" content=\"it_IT\" \/>\n<meta property=\"og:type\" content=\"article\" \/>\n<meta property=\"og:title\" content=\"Privacy per newsletter | Ca&#039; Del Bosco\" \/>\n<meta property=\"og:description\" content=\"Privacy Policy\" \/>\n<meta property=\"og:url\" content=\"https:\/\/www.cadelbosco.com\/it\/privacy-newsletter\/\" \/>\n<meta property=\"og:site_name\" content=\"Ca&#039; Del Bosco\" \/>\n<meta property=\"article:publisher\" content=\"https:\/\/www.facebook.com\/CaDelBosco\" \/>\n<meta property=\"article:modified_time\" content=\"2024-01-17T09:48:56+00:00\" \/>\n<meta property=\"og:image\" content=\"https:\/\/www.cadelbosco.com\/wp-content\/uploads\/2022\/10\/image_2022-10-11_130118493.png\" \/>\n\t<meta property=\"og:image:width\" content=\"1600\" \/>\n\t<meta property=\"og:image:height\" content=\"750\" \/>\n\t<meta property=\"og:image:type\" content=\"image\/png\" \/>\n<meta name=\"twitter:card\" content=\"summary_large_image\" \/>\n<meta name=\"twitter:site\" content=\"@cadelboscoita\" \/>\n<meta name=\"twitter:label1\" content=\"Tempo di lettura stimato\" \/>\n\t<meta name=\"twitter:data1\" content=\"6 minuti\" \/>\n<script type=\"application\/ld+json\" class=\"yoast-schema-graph\">{\"@context\":\"https:\/\/schema.org\",\"@graph\":[{\"@type\":\"WebPage\",\"@id\":\"https:\/\/www.cadelbosco.com\/it\/privacy-newsletter\/\",\"url\":\"https:\/\/www.cadelbosco.com\/it\/privacy-newsletter\/\",\"name\":\"Privacy per newsletter | Ca&#039; Del Bosco\",\"isPartOf\":{\"@id\":\"https:\/\/www.cadelbosco.com\/it\/#website\"},\"datePublished\":\"2022-06-23T07:42:22+00:00\",\"dateModified\":\"2024-01-17T09:48:56+00:00\",\"description\":\"Privacy Policy\",\"breadcrumb\":{\"@id\":\"https:\/\/www.cadelbosco.com\/it\/privacy-newsletter\/#breadcrumb\"},\"inLanguage\":\"it-IT\",\"potentialAction\":[{\"@type\":\"ReadAction\",\"target\":[\"https:\/\/www.cadelbosco.com\/it\/privacy-newsletter\/\"]}]},{\"@type\":\"BreadcrumbList\",\"@id\":\"https:\/\/www.cadelbosco.com\/it\/privacy-newsletter\/#breadcrumb\",\"itemListElement\":[{\"@type\":\"ListItem\",\"position\":1,\"name\":\"Home\",\"item\":\"https:\/\/www.cadelbosco.com\/it\/\"},{\"@type\":\"ListItem\",\"position\":2,\"name\":\"Privacy per newsletter\"}]},{\"@type\":\"WebSite\",\"@id\":\"https:\/\/www.cadelbosco.com\/it\/#website\",\"url\":\"https:\/\/www.cadelbosco.com\/it\/\",\"name\":\"Ca&#039; Del Bosco\",\"description\":\"Franciacorta e vini\",\"publisher\":{\"@id\":\"https:\/\/www.cadelbosco.com\/it\/#organization\"},\"potentialAction\":[{\"@type\":\"SearchAction\",\"target\":{\"@type\":\"EntryPoint\",\"urlTemplate\":\"https:\/\/www.cadelbosco.com\/it\/?s={search_term_string}\"},\"query-input\":{\"@type\":\"PropertyValueSpecification\",\"valueRequired\":true,\"valueName\":\"search_term_string\"}}],\"inLanguage\":\"it-IT\"},{\"@type\":\"Organization\",\"@id\":\"https:\/\/www.cadelbosco.com\/it\/#organization\",\"name\":\"Ca' del Bosco\",\"url\":\"https:\/\/www.cadelbosco.com\/it\/\",\"logo\":{\"@type\":\"ImageObject\",\"inLanguage\":\"it-IT\",\"@id\":\"https:\/\/www.cadelbosco.com\/it\/#\/schema\/logo\/image\/\",\"url\":\"https:\/\/www.cadelbosco.com\/wp-content\/uploads\/2022\/10\/6_epNQsa_400x400.jpeg\",\"contentUrl\":\"https:\/\/www.cadelbosco.com\/wp-content\/uploads\/2022\/10\/6_epNQsa_400x400.jpeg\",\"width\":400,\"height\":400,\"caption\":\"Ca' del Bosco\"},\"image\":{\"@id\":\"https:\/\/www.cadelbosco.com\/it\/#\/schema\/logo\/image\/\"},\"sameAs\":[\"https:\/\/www.facebook.com\/CaDelBosco\",\"https:\/\/x.com\/cadelboscoita\",\"https:\/\/www.instagram.com\/cadelbosco_official\/\"]}]}<\/script>\n<!-- \/ Yoast SEO plugin. -->","yoast_head_json":{"title":"Privacy per newsletter | Ca&#039; Del Bosco","description":"Privacy Policy","robots":{"index":"index","follow":"follow","max-snippet":"max-snippet:-1","max-image-preview":"max-image-preview:large","max-video-preview":"max-video-preview:-1"},"canonical":"https:\/\/www.cadelbosco.com\/it\/privacy-newsletter\/","og_locale":"it_IT","og_type":"article","og_title":"Privacy per newsletter | Ca&#039; Del Bosco","og_description":"Privacy Policy","og_url":"https:\/\/www.cadelbosco.com\/it\/privacy-newsletter\/","og_site_name":"Ca&#039; Del Bosco","article_publisher":"https:\/\/www.facebook.com\/CaDelBosco","article_modified_time":"2024-01-17T09:48:56+00:00","og_image":[{"width":1600,"height":750,"url":"https:\/\/www.cadelbosco.com\/wp-content\/uploads\/2022\/10\/image_2022-10-11_130118493.png","type":"image\/png"}],"twitter_card":"summary_large_image","twitter_site":"@cadelboscoita","twitter_misc":{"Tempo di lettura stimato":"6 minuti"},"schema":{"@context":"https:\/\/schema.org","@graph":[{"@type":"WebPage","@id":"https:\/\/www.cadelbosco.com\/it\/privacy-newsletter\/","url":"https:\/\/www.cadelbosco.com\/it\/privacy-newsletter\/","name":"Privacy per newsletter | Ca&#039; Del Bosco","isPartOf":{"@id":"https:\/\/www.cadelbosco.com\/it\/#website"},"datePublished":"2022-06-23T07:42:22+00:00","dateModified":"2024-01-17T09:48:56+00:00","description":"Privacy Policy","breadcrumb":{"@id":"https:\/\/www.cadelbosco.com\/it\/privacy-newsletter\/#breadcrumb"},"inLanguage":"it-IT","potentialAction":[{"@type":"ReadAction","target":["https:\/\/www.cadelbosco.com\/it\/privacy-newsletter\/"]}]},{"@type":"BreadcrumbList","@id":"https:\/\/www.cadelbosco.com\/it\/privacy-newsletter\/#breadcrumb","itemListElement":[{"@type":"ListItem","position":1,"name":"Home","item":"https:\/\/www.cadelbosco.com\/it\/"},{"@type":"ListItem","position":2,"name":"Privacy per newsletter"}]},{"@type":"WebSite","@id":"https:\/\/www.cadelbosco.com\/it\/#website","url":"https:\/\/www.cadelbosco.com\/it\/","name":"Ca&#039; Del Bosco","description":"Franciacorta e vini","publisher":{"@id":"https:\/\/www.cadelbosco.com\/it\/#organization"},"potentialAction":[{"@type":"SearchAction","target":{"@type":"EntryPoint","urlTemplate":"https:\/\/www.cadelbosco.com\/it\/?s={search_term_string}"},"query-input":{"@type":"PropertyValueSpecification","valueRequired":true,"valueName":"search_term_string"}}],"inLanguage":"it-IT"},{"@type":"Organization","@id":"https:\/\/www.cadelbosco.com\/it\/#organization","name":"Ca' del Bosco","url":"https:\/\/www.cadelbosco.com\/it\/","logo":{"@type":"ImageObject","inLanguage":"it-IT","@id":"https:\/\/www.cadelbosco.com\/it\/#\/schema\/logo\/image\/","url":"https:\/\/www.cadelbosco.com\/wp-content\/uploads\/2022\/10\/6_epNQsa_400x400.jpeg","contentUrl":"https:\/\/www.cadelbosco.com\/wp-content\/uploads\/2022\/10\/6_epNQsa_400x400.jpeg","width":400,"height":400,"caption":"Ca' del Bosco"},"image":{"@id":"https:\/\/www.cadelbosco.com\/it\/#\/schema\/logo\/image\/"},"sameAs":["https:\/\/www.facebook.com\/CaDelBosco","https:\/\/x.com\/cadelboscoita","https:\/\/www.instagram.com\/cadelbosco_official\/"]}]}},"_links":{"self":[{"href":"https:\/\/www.cadelbosco.com\/it\/wp-json\/wp\/v2\/pages\/3059","targetHints":{"allow":["GET"]}}],"collection":[{"href":"https:\/\/www.cadelbosco.com\/it\/wp-json\/wp\/v2\/pages"}],"about":[{"href":"https:\/\/www.cadelbosco.com\/it\/wp-json\/wp\/v2\/types\/page"}],"author":[{"embeddable":true,"href":"https:\/\/www.cadelbosco.com\/it\/wp-json\/wp\/v2\/users\/1"}],"replies":[{"embeddable":true,"href":"https:\/\/www.cadelbosco.com\/it\/wp-json\/wp\/v2\/comments?post=3059"}],"version-history":[{"count":3,"href":"https:\/\/www.cadelbosco.com\/it\/wp-json\/wp\/v2\/pages\/3059\/revisions"}],"predecessor-version":[{"id":6099,"href":"https:\/\/www.cadelbosco.com\/it\/wp-json\/wp\/v2\/pages\/3059\/revisions\/6099"}],"wp:attachment":[{"href":"https:\/\/www.cadelbosco.com\/it\/wp-json\/wp\/v2\/media?parent=3059"}],"curies":[{"name":"wp","href":"https:\/\/api.w.org\/{rel}","templated":true}]}}