{"id":723,"date":"2022-04-04T13:01:31","date_gmt":"2022-04-04T13:01:31","guid":{"rendered":"https:\/\/www.cadelbosco.com\/?page_id=723"},"modified":"2026-03-10T08:57:08","modified_gmt":"2026-03-10T08:57:08","slug":"privacy","status":"publish","type":"page","link":"https:\/\/www.cadelbosco.com\/it\/privacy\/","title":{"rendered":"Privacy"},"content":{"rendered":"<div class=\"paragraph\">\nCa\u2019 del Bosco Hospitality S.r.l., in qualit\u00e0 di titolare del trattamento dei suoi dati personali (di seguito \u201c<strong>Titolare<\/strong>\u201d), rilascia la presente informativa nel rispetto della disciplina europea e italiana in materia di protezione dei dati personali, allo scopo di farti conoscere le finalit\u00e0 e le modalit\u00e0 del trattamento dei dati personali che potresti comunicare durante la navigazione nel presente sito web (di seguito \u201c<strong>Sito<\/strong>\u201d).<br \/>\nSi precisa che la presente informativa si riferisce unicamente al Sito e non a siti web di soggetti terzi, eventualmente raggiungibili dall\u2019Utente mediante link in esso presenti.<\/p>\n<p><strong><u>CATEGORIE DI DATI TRATTATI<\/u><\/strong><\/p>\n<p><strong>Dati di navigazione<\/strong><br \/>\n<br \/>\nI sistemi informatici e le procedure software preposte al funzionamento del Sito acquisiscono, nel corso del loro normale esercizio, alcuni dati personali la cui trasmissione \u00e8 implicita nell\u2019uso dei protocolli di comunicazione di Internet. Si tratta di informazioni che non sono raccolte per essere associate a interessati identificati, ma che per loro stessa natura potrebbero, attraverso elaborazioni ed associazioni con dati detenuti da terzi, permettere di identificare gli utenti. In questa categoria di dati rientrano, ad esempio, gli indirizzi IP o i nomi a dominio dei computer utilizzati dagli utenti che si connettono al sito, gli indirizzi in notazione URI (Uniform Resource Identifier) delle risorse richieste, l\u2019orario della richiesta, il metodo utilizzato nel sottoporre la richiesta al server, la dimensione del file ottenuto in risposta, il codice numerico indicante lo stato della risposta data dal server (buon fine, errore, ecc.) ed altri parametri relativi al sistema operativo e all\u2019ambiente informatico dell\u2019utente. Questi dati vengono utilizzati al solo fine di ricavare informazioni statistiche anonime sull\u2019uso del sito e per controllarne il corretto funzionamento e vengono cancellati immediatamente dopo l\u2019elaborazione.<\/p>\n<p><strong>Dati forniti volontariamente dall\u2019Utente<\/strong><br \/>\nL\u2019invio di posta elettronica agli indirizzi indicati nel Sito \u2013 facoltativo, esplicito e volontario \u2013 comporta la successiva acquisizione del tuo indirizzo e-mail, necessario per rispondere alle richieste, nonch\u00e9 degli ulteriori dati personali eventualmente comunicati. Nel Sito sono presenti form di compilazione, corredati da specifiche informative sul trattamento dei dati personali svolto e, laddove necessario, da richieste di consenso: ti invitiamo pertanto a prenderne visione prima di procedere con l\u2019utilizzo del form.<\/p>\n<p><strong>Cookie<\/strong><br \/>\nPer ogni informazione in ordine all\u2019utilizzo dei cookie da parte del Sito, accedi all\u2019apposita informativa <a href=\"\/it\/cookies\/\">cliccando qui<\/a><\/p>\n<p><strong><u>FINALIT\u00c0 E BASE GIURIDICA DEL TRATTAMENTO, NATURA DEL CONFERIMENTO DEI DATI E CONSEGUENZE IN CASO DI RIFIUTO<\/u><\/strong><\/p>\n<p>Il Titolare tratter\u00e0 i tuoi dati per agevolare la navigazione e per fornire i servizi da te eventualmente richiesti tramite i moduli appositamente predisposti nel Sito. A parte quanto specificato per i dati di navigazione e per i cookie tecnici, nell\u2019ambito delle sezioni del Sito predisposte per particolari servizi a tua richiesta sarai libero di fornire i tuoi dati personali per le finalit\u00e0 riportate nelle rispettive informative, ma il loro mancato conferimento pu\u00f2 comportare l\u2019impossibilit\u00e0 di ottenere il servizio richiesto.<\/p>\n<p><strong><u>PERIODO DI CONSERVAZIONE DEI DATI<\/u><\/strong><\/p>\n<p>Il Titolare tratter\u00e0 i dati personali raccolti attraverso l\u2019utilizzo del Sito per il tempo strettamente necessario a conseguire gli scopi per cui sono stati raccolti nonch\u00e9, terminato quest\u2019ultimo, per i tempi eventualmente stabiliti dalle norme vigenti.<br \/>\nPer maggiori dettagli, si rimanda alle informative rese disponibili in corrispondenza dei vari form.<\/p>\n<p><strong><u>AMBITO DI COMUNICAZIONE DEI DATI E CATEGORIE DI DESTINATARI<\/u><\/strong><\/p>\n<p>Il Titolare non diffonder\u00e0 i dati, ma intende comunicarli a figure interne autorizzate al trattamento in ragione delle rispettive mansioni, nonch\u00e9 a soggetti esterni a cui si rendesse necessario comunicare i dati. Tali destinatari, ove dovessero trattare dati per conto del Titolare, saranno designati come responsabili del trattamento con apposito contratto od altro atto giuridico.<br \/>\nPer maggiori dettagli, si rimanda alle informative rese disponibili in corrispondenza dei vari form.<\/p>\n<p><strong><u>TRASFERIMENTO DATI VERSO UN PAESE TERZO E\/O UN\u2019ORGANIZZAZIONE INTERNAZIONALE<\/u><\/strong><\/p>\n<p>I tuoi dati personali non saranno di regola oggetto di trasferimento presso Paesi Terzi non europei: le eccezioni sono descritte nelle informative rese disponibili in corrispondenza dei vari form.<\/p>\n<p><strong><u>DIRITTI DEGLI INTERESSATI<\/u><\/strong><\/p>\n<p>\u00c8 tuo diritto chiedere al Titolare di accedere ai tuoi dati personali e di rettificarli se inesatti, di cancellarli o limitarne il trattamento se ne ricorrono i presupposti, di opporti al loro trattamento per legittimi interessi perseguiti dal Titolare, nonch\u00e9 di ottenere la portabilit\u00e0 dei dati personalmente forniti solo se oggetto di un trattamento automatizzato basato sul consenso o sul contratto. Hai altres\u00ec il diritto di revocare il consenso prestato per le finalit\u00e0 di trattamento che lo richiedono, ferma restando la liceit\u00e0 del trattamento effettuato sino al momento della revoca.<br \/>\nPer esercitare i tuoi diritti in relazione a quando disciplinato nella presente policy, puoi utilizzare il modulo disponibile <a href=\"https:\/\/www.garanteprivacy.it\/web\/guest\/home\/docweb\/-\/docweb-display\/docweb\/1089924\" target=\"_blank\" rel=\"noopener noreferrer\">qui<\/a> e inoltrarlo al seguente recapito: <a href=\"mailto:privacy@cadelbosco.com\">privacy@cadelbosco.com<\/a>: per esercitare i diritti in relazione a quando disciplinato nei vari form, si rimanda alle informative rese disponibili in corrispondenza degli stessi. Ti ricordiamo infine che hai anche il diritto di proporre reclamo all\u2019autorit\u00e0 di controllo competente in materia, Garante per la protezione dei dati personali (<a href=\"https:\/\/www.garanteprivacy.it\" target=\"_blank\" rel=\"noopener noreferrer\">www.garanteprivacy.it<\/a>).<\/p>\n<p>Ultimo aggiornamento: novembre 2021.<\/p>\n<p>La presente informativa potrebbe subire modifiche: ti consigliamo quindi di controllare la data dell\u2019ultima revisione.\n<\/p><\/div>\n","protected":false},"excerpt":{"rendered":"<p>Ca\u2019 del Bosco Hospitality S.r.l., in qualit\u00e0 di titolare del trattamento dei suoi dati personali (di seguito \u201cTitolare\u201d), rilascia la presente informativa nel rispetto della disciplina europea e italiana in materia di protezione dei dati personali, allo scopo di farti conoscere le finalit\u00e0 e le modalit\u00e0 del trattamento dei dati personali che potresti comunicare durante [&hellip;]<\/p>\n","protected":false},"author":1,"featured_media":0,"parent":0,"menu_order":0,"comment_status":"closed","ping_status":"closed","template":"page-simple-content.php","meta":{"_acf_changed":false,"footnotes":""},"class_list":["post-723","page","type-page","status-publish","hentry"],"acf":[],"yoast_head":"<!-- This site is optimized with the Yoast SEO plugin v26.5 - https:\/\/yoast.com\/wordpress\/plugins\/seo\/ -->\n<title>Privacy | Ca&#039; Del Bosco<\/title>\n<meta name=\"robots\" content=\"index, follow, max-snippet:-1, max-image-preview:large, max-video-preview:-1\" \/>\n<link rel=\"canonical\" href=\"https:\/\/www.cadelbosco.com\/it\/privacy\/\" \/>\n<meta property=\"og:locale\" content=\"it_IT\" \/>\n<meta property=\"og:type\" content=\"article\" \/>\n<meta property=\"og:title\" content=\"Privacy | Ca&#039; Del Bosco\" \/>\n<meta property=\"og:description\" content=\"Ca\u2019 del Bosco Hospitality S.r.l., in qualit\u00e0 di titolare del trattamento dei suoi dati personali (di seguito \u201cTitolare\u201d), rilascia la presente informativa nel rispetto della disciplina europea e italiana in materia di protezione dei dati personali, allo scopo di farti conoscere le finalit\u00e0 e le modalit\u00e0 del trattamento dei dati personali che potresti comunicare durante [&hellip;]\" \/>\n<meta property=\"og:url\" content=\"https:\/\/www.cadelbosco.com\/it\/privacy\/\" \/>\n<meta property=\"og:site_name\" content=\"Ca&#039; Del Bosco\" \/>\n<meta property=\"article:publisher\" content=\"https:\/\/www.facebook.com\/CaDelBosco\" \/>\n<meta property=\"article:modified_time\" content=\"2026-03-10T08:57:08+00:00\" \/>\n<meta property=\"og:image\" content=\"https:\/\/www.cadelbosco.com\/wp-content\/uploads\/2022\/10\/image_2022-10-11_130118493.png\" \/>\n\t<meta property=\"og:image:width\" content=\"1600\" \/>\n\t<meta property=\"og:image:height\" content=\"750\" \/>\n\t<meta property=\"og:image:type\" content=\"image\/png\" \/>\n<meta name=\"twitter:card\" content=\"summary_large_image\" \/>\n<meta name=\"twitter:site\" content=\"@cadelboscoita\" \/>\n<meta name=\"twitter:label1\" content=\"Tempo di lettura stimato\" \/>\n\t<meta name=\"twitter:data1\" content=\"5 minuti\" \/>\n<script type=\"application\/ld+json\" class=\"yoast-schema-graph\">{\"@context\":\"https:\/\/schema.org\",\"@graph\":[{\"@type\":\"WebPage\",\"@id\":\"https:\/\/www.cadelbosco.com\/it\/privacy\/\",\"url\":\"https:\/\/www.cadelbosco.com\/it\/privacy\/\",\"name\":\"Privacy | Ca&#039; Del Bosco\",\"isPartOf\":{\"@id\":\"https:\/\/www.cadelbosco.com\/it\/#website\"},\"datePublished\":\"2022-04-04T13:01:31+00:00\",\"dateModified\":\"2026-03-10T08:57:08+00:00\",\"breadcrumb\":{\"@id\":\"https:\/\/www.cadelbosco.com\/it\/privacy\/#breadcrumb\"},\"inLanguage\":\"it-IT\",\"potentialAction\":[{\"@type\":\"ReadAction\",\"target\":[\"https:\/\/www.cadelbosco.com\/it\/privacy\/\"]}]},{\"@type\":\"BreadcrumbList\",\"@id\":\"https:\/\/www.cadelbosco.com\/it\/privacy\/#breadcrumb\",\"itemListElement\":[{\"@type\":\"ListItem\",\"position\":1,\"name\":\"Home\",\"item\":\"https:\/\/www.cadelbosco.com\/it\/\"},{\"@type\":\"ListItem\",\"position\":2,\"name\":\"Privacy\"}]},{\"@type\":\"WebSite\",\"@id\":\"https:\/\/www.cadelbosco.com\/it\/#website\",\"url\":\"https:\/\/www.cadelbosco.com\/it\/\",\"name\":\"Ca&#039; Del Bosco\",\"description\":\"Franciacorta e vini\",\"publisher\":{\"@id\":\"https:\/\/www.cadelbosco.com\/it\/#organization\"},\"potentialAction\":[{\"@type\":\"SearchAction\",\"target\":{\"@type\":\"EntryPoint\",\"urlTemplate\":\"https:\/\/www.cadelbosco.com\/it\/?s={search_term_string}\"},\"query-input\":{\"@type\":\"PropertyValueSpecification\",\"valueRequired\":true,\"valueName\":\"search_term_string\"}}],\"inLanguage\":\"it-IT\"},{\"@type\":\"Organization\",\"@id\":\"https:\/\/www.cadelbosco.com\/it\/#organization\",\"name\":\"Ca' del Bosco\",\"url\":\"https:\/\/www.cadelbosco.com\/it\/\",\"logo\":{\"@type\":\"ImageObject\",\"inLanguage\":\"it-IT\",\"@id\":\"https:\/\/www.cadelbosco.com\/it\/#\/schema\/logo\/image\/\",\"url\":\"https:\/\/www.cadelbosco.com\/wp-content\/uploads\/2022\/10\/6_epNQsa_400x400.jpeg\",\"contentUrl\":\"https:\/\/www.cadelbosco.com\/wp-content\/uploads\/2022\/10\/6_epNQsa_400x400.jpeg\",\"width\":400,\"height\":400,\"caption\":\"Ca' del Bosco\"},\"image\":{\"@id\":\"https:\/\/www.cadelbosco.com\/it\/#\/schema\/logo\/image\/\"},\"sameAs\":[\"https:\/\/www.facebook.com\/CaDelBosco\",\"https:\/\/x.com\/cadelboscoita\",\"https:\/\/www.instagram.com\/cadelbosco_official\/\"]}]}<\/script>\n<!-- \/ Yoast SEO plugin. -->","yoast_head_json":{"title":"Privacy | Ca&#039; Del Bosco","robots":{"index":"index","follow":"follow","max-snippet":"max-snippet:-1","max-image-preview":"max-image-preview:large","max-video-preview":"max-video-preview:-1"},"canonical":"https:\/\/www.cadelbosco.com\/it\/privacy\/","og_locale":"it_IT","og_type":"article","og_title":"Privacy | Ca&#039; Del Bosco","og_description":"Ca\u2019 del Bosco Hospitality S.r.l., in qualit\u00e0 di titolare del trattamento dei suoi dati personali (di seguito \u201cTitolare\u201d), rilascia la presente informativa nel rispetto della disciplina europea e italiana in materia di protezione dei dati personali, allo scopo di farti conoscere le finalit\u00e0 e le modalit\u00e0 del trattamento dei dati personali che potresti comunicare durante [&hellip;]","og_url":"https:\/\/www.cadelbosco.com\/it\/privacy\/","og_site_name":"Ca&#039; Del Bosco","article_publisher":"https:\/\/www.facebook.com\/CaDelBosco","article_modified_time":"2026-03-10T08:57:08+00:00","og_image":[{"width":1600,"height":750,"url":"https:\/\/www.cadelbosco.com\/wp-content\/uploads\/2022\/10\/image_2022-10-11_130118493.png","type":"image\/png"}],"twitter_card":"summary_large_image","twitter_site":"@cadelboscoita","twitter_misc":{"Tempo di lettura stimato":"5 minuti"},"schema":{"@context":"https:\/\/schema.org","@graph":[{"@type":"WebPage","@id":"https:\/\/www.cadelbosco.com\/it\/privacy\/","url":"https:\/\/www.cadelbosco.com\/it\/privacy\/","name":"Privacy | Ca&#039; Del Bosco","isPartOf":{"@id":"https:\/\/www.cadelbosco.com\/it\/#website"},"datePublished":"2022-04-04T13:01:31+00:00","dateModified":"2026-03-10T08:57:08+00:00","breadcrumb":{"@id":"https:\/\/www.cadelbosco.com\/it\/privacy\/#breadcrumb"},"inLanguage":"it-IT","potentialAction":[{"@type":"ReadAction","target":["https:\/\/www.cadelbosco.com\/it\/privacy\/"]}]},{"@type":"BreadcrumbList","@id":"https:\/\/www.cadelbosco.com\/it\/privacy\/#breadcrumb","itemListElement":[{"@type":"ListItem","position":1,"name":"Home","item":"https:\/\/www.cadelbosco.com\/it\/"},{"@type":"ListItem","position":2,"name":"Privacy"}]},{"@type":"WebSite","@id":"https:\/\/www.cadelbosco.com\/it\/#website","url":"https:\/\/www.cadelbosco.com\/it\/","name":"Ca&#039; Del Bosco","description":"Franciacorta e vini","publisher":{"@id":"https:\/\/www.cadelbosco.com\/it\/#organization"},"potentialAction":[{"@type":"SearchAction","target":{"@type":"EntryPoint","urlTemplate":"https:\/\/www.cadelbosco.com\/it\/?s={search_term_string}"},"query-input":{"@type":"PropertyValueSpecification","valueRequired":true,"valueName":"search_term_string"}}],"inLanguage":"it-IT"},{"@type":"Organization","@id":"https:\/\/www.cadelbosco.com\/it\/#organization","name":"Ca' del Bosco","url":"https:\/\/www.cadelbosco.com\/it\/","logo":{"@type":"ImageObject","inLanguage":"it-IT","@id":"https:\/\/www.cadelbosco.com\/it\/#\/schema\/logo\/image\/","url":"https:\/\/www.cadelbosco.com\/wp-content\/uploads\/2022\/10\/6_epNQsa_400x400.jpeg","contentUrl":"https:\/\/www.cadelbosco.com\/wp-content\/uploads\/2022\/10\/6_epNQsa_400x400.jpeg","width":400,"height":400,"caption":"Ca' del Bosco"},"image":{"@id":"https:\/\/www.cadelbosco.com\/it\/#\/schema\/logo\/image\/"},"sameAs":["https:\/\/www.facebook.com\/CaDelBosco","https:\/\/x.com\/cadelboscoita","https:\/\/www.instagram.com\/cadelbosco_official\/"]}]}},"_links":{"self":[{"href":"https:\/\/www.cadelbosco.com\/it\/wp-json\/wp\/v2\/pages\/723","targetHints":{"allow":["GET"]}}],"collection":[{"href":"https:\/\/www.cadelbosco.com\/it\/wp-json\/wp\/v2\/pages"}],"about":[{"href":"https:\/\/www.cadelbosco.com\/it\/wp-json\/wp\/v2\/types\/page"}],"author":[{"embeddable":true,"href":"https:\/\/www.cadelbosco.com\/it\/wp-json\/wp\/v2\/users\/1"}],"replies":[{"embeddable":true,"href":"https:\/\/www.cadelbosco.com\/it\/wp-json\/wp\/v2\/comments?post=723"}],"version-history":[{"count":14,"href":"https:\/\/www.cadelbosco.com\/it\/wp-json\/wp\/v2\/pages\/723\/revisions"}],"predecessor-version":[{"id":7958,"href":"https:\/\/www.cadelbosco.com\/it\/wp-json\/wp\/v2\/pages\/723\/revisions\/7958"}],"wp:attachment":[{"href":"https:\/\/www.cadelbosco.com\/it\/wp-json\/wp\/v2\/media?parent=723"}],"curies":[{"name":"wp","href":"https:\/\/api.w.org\/{rel}","templated":true}]}}