{"id":7959,"date":"2026-03-11T17:19:14","date_gmt":"2026-03-11T17:19:14","guid":{"rendered":"https:\/\/www.cadelbosco.com\/?page_id=7959"},"modified":"2026-03-11T17:22:41","modified_gmt":"2026-03-11T17:22:41","slug":"dichiarazione-di-accessibilita","status":"publish","type":"page","link":"https:\/\/www.cadelbosco.com\/it\/dichiarazione-di-accessibilita\/","title":{"rendered":"Dichiarazione di Accessibilit\u00e0"},"content":{"rendered":"<h2>Premessa<\/h2>\n<p>\n    Il Decreto Legislativo n. 82 del 27 maggio 2022 ha recepito la Direttiva (UE) 2019\/882 del Parlamento europeo e<br \/>\n    del Consiglio del 17 aprile 2019 sui requisiti di accessibilit\u00e0 dei prodotti e dei servizi.\n<\/p>\n<h3>Linee guida sull\u2019accessibilit\u00e0 dei servizi, in attuazione dell\u2019art. 21 del Decreto Legislativo n. 82\/2022.<\/h3>\n<p>Il decreto \u00e8 stato pubblicato nella Gazzetta Ufficiale (Serie Generale n. 152 del 01-07-2022) ed \u00e8 entrato in<br \/>\n    vigore il 16 luglio 2022, ma le relative disposizioni sono efficaci dal 28 giugno 2025.\n<\/p>\n<p>\n    CA&#8217; DEL BOSCO S.R.L. SOCIETA&#8217; AGRICOLA si impegna a rendere i propri siti web accessibili in conformit\u00e0 con la<br \/>\n    Legge n. 82 del 27 maggio 2022, che ha trasposto la Direttiva (UE) 2019\/882 del Parlamento Europeo e del Consiglio<br \/>\n    del<br \/>\n    17 aprile 2019 sui requisiti di accessibilit\u00e0 di prodotti e servizi. Questa dichiarazione di accessibilit\u00e0 si<br \/>\n    applica ai siti web https:\/\/staging.cadelbosco.com\/.\n<\/p>\n<p><\/p>\n<h2>Stato di compatibilit\u00e0 con i requisiti<\/h2>\n<p>Il sito web https:\/\/staging.cadelbosco.com\/ \u00e8 parzialmente conforme ai requisiti dell&#8217;Annex A di UNI EN<br \/>\n    301549:2018<br \/>\n    (WCAG 2.1) a causa dei casi di non conformit\u00e0 e\/o delle eccezioni elencate di seguito. CA&#8217; DEL BOSCO S.R.L.<br \/>\n    SOCIETA&#8217;<br \/>\n    AGRICOLA sta conducendo, insieme ai suoi fornitori, un&#8217;analisi volta a fare gli interventi necessari per rendere<br \/>\n    i siti in questione accessibili e conformi allo standard.\n<\/p>\n<p><\/p>\n<h2>Contenuti inaccessibili<\/h2>\n<p>\n    <b>Il seguente contenuto non \u00e8 accessibile perch\u00e9 non \u00e8 compatibile con la norma armonizzata sottostante EN 301<br \/>\n        549:<br \/>\n    <\/b><br \/>\n    \n<\/p>\n<ul>\n<li style=\"list-style-position: outside; margin-left: 1em;\">Ci sono link senza testo di collegamento su singole<br \/>\n        pagine. <\/li>\n<li style=\"list-style-position: outside; margin-left: 1em;\">Nelle pagine singole, la lingua memorizzata nell<br \/>\n        HTML<br \/>\n        non corrisponde alla lingua della pagina. <\/li>\n<li style=\"list-style-position: outside; margin-left: 1em;\">In una pagina c&#8217;\u00e8 un campo modulo senza etichetta. \u00c8<br \/>\n        difficile navigare verso il campo del modulo con gli screen reader. <\/li>\n<li style=\"list-style-position: outside; margin-left: 1em;\">Ci sono titoli su quasi tutti pagine che non hanno<br \/>\n        una<br \/>\n        didascalia o contengono l&#8217;attributo aria-nascosta e non sono quindi accessibili agli screen reader. \n    <\/li>\n<li style=\"list-style-position: outside; margin-left: 1em;\">Ci sono elementi con l&#8217;attributo Aria-hidden in una<br \/>\n        pagina che possono essere focalizzati allo stesso tempo. Ci\u00f2 rende questi elementi accessibili alle<br \/>\n        tecnologie<br \/>\n        assistive, anche se dovrebbero essere nascosti. <\/li>\n<li style=\"list-style-position: outside; margin-left: 1em;\">Nelle pagine singole ci sono elementi scrollabili<br \/>\n        che<br \/>\n        non possono essere fatti scorrere con la tastiera. Ci\u00f2 rende difficile per gli utenti di tecnologie<br \/>\n        assistive<br \/>\n        afferrare l&#8217;intera pagina. <\/li>\n<\/ul>\n<p>\n    <b>I seguenti contenuti non sono accessibili perch\u00e9 ci\u00f2 cambierebbe radicalmente la natura del<br \/>\n        servizio:<br \/>\n    <\/b>\n<\/p>\n<ul>\n<li style=\"list-style-position: outside; margin-left: 1em;\">In quasi tutti pagine, il contrasto tra testo e<br \/>\n        sfondo \u00e8 troppo basso.\n    <\/li>\n<\/ul>\n<p>\n<span>Le evoluzioni apportate al codice e quelle future sono state e saranno sviluppate in conformit\u00e0<br \/>\n    alle<br \/>\n    linee guida WCAG 2.2. La dichiarazione \u00e8 stata redatta il <b>08.07.2025<\/b>. \u00c8 stata effettuata utilizzando una<br \/>\n    valutazione conforme ai requisiti della Direttiva (UE) 2019\/882 attraverso un&#8217;autovalutazione effettuata<br \/>\n    direttamente dal fornitore. La dichiarazione \u00e8 stata creata con l&#8217;aiuto della tecnologia Eye-Able\u00ae di <b>Web<br \/>\n        Inclusion GmbH<\/b>. Ulteriori informazioni su Web Inclusion GmbH sono disponibili su<br \/>\n    https:\/\/eye-able.com\/it.<br \/>\n<\/span><\/p>\n<p>\n    CA&#8217; DEL BOSCO S.R.L. SOCIETA&#8217; AGRICOLA sta conducendo un&#8217;analisi con i<br \/>\n    propri fornitori per apportare le modifiche necessarie per rendere i siti in questione accessibili e conformi alle<br \/>\n    normative.<br \/>\n    CA&#8217; DEL BOSCO S.R.L. SOCIETA&#8217; AGRICOLA, con l&#8217;obiettivo di migliorare progressivamente l&#8217;esperienza dei propri<br \/>\n    clienti web, ha inoltre implementato proattivamente il software SaaS Eye-Able\u00ae di Web Inclusion GmbH.<br \/>La<br \/>\n    funzionalit\u00e0 in questione consente di effettuare Audit al fine di scansionare singole pagine del sito per<br \/>\n    individuare barriere<br \/>\n    digitali, fornendo supporto compatibile che spiega l&#8217;errore e propone un codice alternativo per correggerlo e altri<br \/>\n    strumenti che permettono agli utenti dei siti web di utilizzare importanti funzioni che possano migliorarne la<br \/>\n    navigazione.<br \/>\n    L&#8217;azienda si impegna a sviluppare evoluzioni del codice passate e future in conformit\u00e0 alle linee guida WCAG<br \/>\n    2.2.\n<\/p>\n<p><\/p>\n<h2>Feedback e dettagli di contatto<\/h2>\n<p>Hai un commento o una nota sulle barriere presenti su questo sito? Contattaci. Ti spiegheremo quali barriere<br \/>\n    esistono<br \/>\n    e come abbiamo intenzione di migliorare i nostri ambienti digitali. Risponderemo alle tue domande il pi\u00f9<br \/>\n    rapidamente<br \/>\n    possibile. Grazie per il tuo feedback. Per ulteriori info,puoi contattarci al seguente indirizzo: <\/p>\n<p> CA&#8217;<br \/>\n    DEL<br \/>\n    BOSCO S.R.L. SOCIETA&#8217; AGRICOLA<br \/> Via Albano Zanella, 13<br \/> 25030 Erbusco<br \/><a\n        href=\"mailto:cadelbosco@cadelbosco.com\"\n        aria-label=\"Inviare un'e-mail a cadelbosco@cadelbosco.com\">cadelbosco@cadelbosco.com<\/a><br \/> Tel.: +39 030<br \/>\n    7766111<\/p>\n<p> Nella mail sar\u00e0 necessario indicare: Nome e cognome; Indirizzo della pagina web o sezioni del<br \/>\n    sito<br \/>\n    o area clienti oggetto della segnalazione; Descrizione chiara e concisa del problema riscontrato; Strumenti<br \/>\n    utilizzati (sistema operativo, browser, tecnologie assistive).<\/p>\n<p><\/p>\n<h2>AGID<\/h2>\n<p>In caso di risposta insoddisfacente o di mancata risposta entro trenta giorni alla notifica o alla richiesta,<br \/>\n    l&#8217;interessato pu\u00f2 inviare una segnalazione all&#8217;AGID:\n<\/p>\n<p>\n    AGID <br \/>Via Liszt 21 <br \/>00144 Roma<br \/><a href=\"mailto:protocollo@pec.agid.gov.it\"\n        aria-label=\"Inviare un'e-mail a protocollo@pec.agid.gov.it\">protocollo@pec.agid.gov.it<\/a> <br \/><a\n        href=\"https:\/\/www.agid.gov.it\" target=\"_blank\" rel=\"noopener noreferrer\"\n        aria-label=\"Aprire il sito web https:\/\/www.agid.gov.it\">https:\/\/www.agid.gov.it<\/a><br \/>\n    \n<\/p>\n<h2>Disclaimer<\/h2>\n<p>\n    Il controllo automatico del contenuto web \u00e8 avvenuto il: 08.07.2025. \u00c8 stata utilizzata la versione 136.0.7103.92<br \/>\n    del<br \/>\n    browser Google Chrome per il contenuto web. Garantiamo l\u2019accuratezza delle informazioni fornite per la versione<br \/>\n    dell\u2019applicazione testata, secondo i parametri di browser e sistema operativo specificati in precedenza. Se<br \/>\n    vengono<br \/>\n    utilizzate versioni, browser o ambienti diversi, \u00e8 possibile una visualizzazione differente rispetto ai<br \/>\n    risultati<br \/>\n    riportati.<\/p>\n","protected":false},"excerpt":{"rendered":"<p>Premessa Il Decreto Legislativo n. 82 del 27 maggio 2022 ha recepito la Direttiva (UE) 2019\/882 del Parlamento europeo e del Consiglio del 17 aprile 2019 sui requisiti di accessibilit\u00e0 dei prodotti e dei servizi. Linee guida sull\u2019accessibilit\u00e0 dei servizi, in attuazione dell\u2019art. 21 del Decreto Legislativo n. 82\/2022. Il decreto \u00e8 stato pubblicato nella [&hellip;]<\/p>\n","protected":false},"author":1,"featured_media":0,"parent":0,"menu_order":0,"comment_status":"closed","ping_status":"closed","template":"page-simple-content.php","meta":{"_acf_changed":false,"footnotes":""},"class_list":["post-7959","page","type-page","status-publish","hentry"],"acf":[],"yoast_head":"<!-- This site is optimized with the Yoast SEO plugin v26.5 - https:\/\/yoast.com\/wordpress\/plugins\/seo\/ -->\n<title>Dichiarazione di Accessibilit\u00e0 | Ca&#039; Del Bosco<\/title>\n<meta name=\"robots\" content=\"index, follow, max-snippet:-1, max-image-preview:large, max-video-preview:-1\" \/>\n<link rel=\"canonical\" href=\"https:\/\/www.cadelbosco.com\/it\/dichiarazione-di-accessibilita\/\" \/>\n<meta property=\"og:locale\" content=\"it_IT\" \/>\n<meta property=\"og:type\" content=\"article\" \/>\n<meta property=\"og:title\" content=\"Dichiarazione di Accessibilit\u00e0 | Ca&#039; Del Bosco\" \/>\n<meta property=\"og:description\" content=\"Premessa Il Decreto Legislativo n. 82 del 27 maggio 2022 ha recepito la Direttiva (UE) 2019\/882 del Parlamento europeo e del Consiglio del 17 aprile 2019 sui requisiti di accessibilit\u00e0 dei prodotti e dei servizi. Linee guida sull\u2019accessibilit\u00e0 dei servizi, in attuazione dell\u2019art. 21 del Decreto Legislativo n. 82\/2022. Il decreto \u00e8 stato pubblicato nella [&hellip;]\" \/>\n<meta property=\"og:url\" content=\"https:\/\/www.cadelbosco.com\/it\/dichiarazione-di-accessibilita\/\" \/>\n<meta property=\"og:site_name\" content=\"Ca&#039; Del Bosco\" \/>\n<meta property=\"article:publisher\" content=\"https:\/\/www.facebook.com\/CaDelBosco\" \/>\n<meta property=\"article:modified_time\" content=\"2026-03-11T17:22:41+00:00\" \/>\n<meta property=\"og:image\" content=\"https:\/\/www.cadelbosco.com\/wp-content\/uploads\/2022\/10\/image_2022-10-11_130118493.png\" \/>\n\t<meta property=\"og:image:width\" content=\"1600\" \/>\n\t<meta property=\"og:image:height\" content=\"750\" \/>\n\t<meta property=\"og:image:type\" content=\"image\/png\" \/>\n<meta name=\"twitter:card\" content=\"summary_large_image\" \/>\n<meta name=\"twitter:site\" content=\"@cadelboscoita\" \/>\n<meta name=\"twitter:label1\" content=\"Tempo di lettura stimato\" \/>\n\t<meta name=\"twitter:data1\" content=\"4 minuti\" \/>\n<script type=\"application\/ld+json\" class=\"yoast-schema-graph\">{\"@context\":\"https:\/\/schema.org\",\"@graph\":[{\"@type\":\"WebPage\",\"@id\":\"https:\/\/www.cadelbosco.com\/it\/dichiarazione-di-accessibilita\/\",\"url\":\"https:\/\/www.cadelbosco.com\/it\/dichiarazione-di-accessibilita\/\",\"name\":\"Dichiarazione di Accessibilit\u00e0 | Ca&#039; Del Bosco\",\"isPartOf\":{\"@id\":\"https:\/\/www.cadelbosco.com\/it\/#website\"},\"datePublished\":\"2026-03-11T17:19:14+00:00\",\"dateModified\":\"2026-03-11T17:22:41+00:00\",\"breadcrumb\":{\"@id\":\"https:\/\/www.cadelbosco.com\/it\/dichiarazione-di-accessibilita\/#breadcrumb\"},\"inLanguage\":\"it-IT\",\"potentialAction\":[{\"@type\":\"ReadAction\",\"target\":[\"https:\/\/www.cadelbosco.com\/it\/dichiarazione-di-accessibilita\/\"]}]},{\"@type\":\"BreadcrumbList\",\"@id\":\"https:\/\/www.cadelbosco.com\/it\/dichiarazione-di-accessibilita\/#breadcrumb\",\"itemListElement\":[{\"@type\":\"ListItem\",\"position\":1,\"name\":\"Home\",\"item\":\"https:\/\/www.cadelbosco.com\/it\/\"},{\"@type\":\"ListItem\",\"position\":2,\"name\":\"Dichiarazione di Accessibilit\u00e0\"}]},{\"@type\":\"WebSite\",\"@id\":\"https:\/\/www.cadelbosco.com\/it\/#website\",\"url\":\"https:\/\/www.cadelbosco.com\/it\/\",\"name\":\"Ca&#039; Del Bosco\",\"description\":\"Franciacorta e vini\",\"publisher\":{\"@id\":\"https:\/\/www.cadelbosco.com\/it\/#organization\"},\"potentialAction\":[{\"@type\":\"SearchAction\",\"target\":{\"@type\":\"EntryPoint\",\"urlTemplate\":\"https:\/\/www.cadelbosco.com\/it\/?s={search_term_string}\"},\"query-input\":{\"@type\":\"PropertyValueSpecification\",\"valueRequired\":true,\"valueName\":\"search_term_string\"}}],\"inLanguage\":\"it-IT\"},{\"@type\":\"Organization\",\"@id\":\"https:\/\/www.cadelbosco.com\/it\/#organization\",\"name\":\"Ca' del Bosco\",\"url\":\"https:\/\/www.cadelbosco.com\/it\/\",\"logo\":{\"@type\":\"ImageObject\",\"inLanguage\":\"it-IT\",\"@id\":\"https:\/\/www.cadelbosco.com\/it\/#\/schema\/logo\/image\/\",\"url\":\"https:\/\/www.cadelbosco.com\/wp-content\/uploads\/2022\/10\/6_epNQsa_400x400.jpeg\",\"contentUrl\":\"https:\/\/www.cadelbosco.com\/wp-content\/uploads\/2022\/10\/6_epNQsa_400x400.jpeg\",\"width\":400,\"height\":400,\"caption\":\"Ca' del Bosco\"},\"image\":{\"@id\":\"https:\/\/www.cadelbosco.com\/it\/#\/schema\/logo\/image\/\"},\"sameAs\":[\"https:\/\/www.facebook.com\/CaDelBosco\",\"https:\/\/x.com\/cadelboscoita\",\"https:\/\/www.instagram.com\/cadelbosco_official\/\"]}]}<\/script>\n<!-- \/ Yoast SEO plugin. -->","yoast_head_json":{"title":"Dichiarazione di Accessibilit\u00e0 | Ca&#039; Del Bosco","robots":{"index":"index","follow":"follow","max-snippet":"max-snippet:-1","max-image-preview":"max-image-preview:large","max-video-preview":"max-video-preview:-1"},"canonical":"https:\/\/www.cadelbosco.com\/it\/dichiarazione-di-accessibilita\/","og_locale":"it_IT","og_type":"article","og_title":"Dichiarazione di Accessibilit\u00e0 | Ca&#039; Del Bosco","og_description":"Premessa Il Decreto Legislativo n. 82 del 27 maggio 2022 ha recepito la Direttiva (UE) 2019\/882 del Parlamento europeo e del Consiglio del 17 aprile 2019 sui requisiti di accessibilit\u00e0 dei prodotti e dei servizi. Linee guida sull\u2019accessibilit\u00e0 dei servizi, in attuazione dell\u2019art. 21 del Decreto Legislativo n. 82\/2022. Il decreto \u00e8 stato pubblicato nella [&hellip;]","og_url":"https:\/\/www.cadelbosco.com\/it\/dichiarazione-di-accessibilita\/","og_site_name":"Ca&#039; Del Bosco","article_publisher":"https:\/\/www.facebook.com\/CaDelBosco","article_modified_time":"2026-03-11T17:22:41+00:00","og_image":[{"width":1600,"height":750,"url":"https:\/\/www.cadelbosco.com\/wp-content\/uploads\/2022\/10\/image_2022-10-11_130118493.png","type":"image\/png"}],"twitter_card":"summary_large_image","twitter_site":"@cadelboscoita","twitter_misc":{"Tempo di lettura stimato":"4 minuti"},"schema":{"@context":"https:\/\/schema.org","@graph":[{"@type":"WebPage","@id":"https:\/\/www.cadelbosco.com\/it\/dichiarazione-di-accessibilita\/","url":"https:\/\/www.cadelbosco.com\/it\/dichiarazione-di-accessibilita\/","name":"Dichiarazione di Accessibilit\u00e0 | Ca&#039; Del Bosco","isPartOf":{"@id":"https:\/\/www.cadelbosco.com\/it\/#website"},"datePublished":"2026-03-11T17:19:14+00:00","dateModified":"2026-03-11T17:22:41+00:00","breadcrumb":{"@id":"https:\/\/www.cadelbosco.com\/it\/dichiarazione-di-accessibilita\/#breadcrumb"},"inLanguage":"it-IT","potentialAction":[{"@type":"ReadAction","target":["https:\/\/www.cadelbosco.com\/it\/dichiarazione-di-accessibilita\/"]}]},{"@type":"BreadcrumbList","@id":"https:\/\/www.cadelbosco.com\/it\/dichiarazione-di-accessibilita\/#breadcrumb","itemListElement":[{"@type":"ListItem","position":1,"name":"Home","item":"https:\/\/www.cadelbosco.com\/it\/"},{"@type":"ListItem","position":2,"name":"Dichiarazione di Accessibilit\u00e0"}]},{"@type":"WebSite","@id":"https:\/\/www.cadelbosco.com\/it\/#website","url":"https:\/\/www.cadelbosco.com\/it\/","name":"Ca&#039; Del Bosco","description":"Franciacorta e vini","publisher":{"@id":"https:\/\/www.cadelbosco.com\/it\/#organization"},"potentialAction":[{"@type":"SearchAction","target":{"@type":"EntryPoint","urlTemplate":"https:\/\/www.cadelbosco.com\/it\/?s={search_term_string}"},"query-input":{"@type":"PropertyValueSpecification","valueRequired":true,"valueName":"search_term_string"}}],"inLanguage":"it-IT"},{"@type":"Organization","@id":"https:\/\/www.cadelbosco.com\/it\/#organization","name":"Ca' del Bosco","url":"https:\/\/www.cadelbosco.com\/it\/","logo":{"@type":"ImageObject","inLanguage":"it-IT","@id":"https:\/\/www.cadelbosco.com\/it\/#\/schema\/logo\/image\/","url":"https:\/\/www.cadelbosco.com\/wp-content\/uploads\/2022\/10\/6_epNQsa_400x400.jpeg","contentUrl":"https:\/\/www.cadelbosco.com\/wp-content\/uploads\/2022\/10\/6_epNQsa_400x400.jpeg","width":400,"height":400,"caption":"Ca' del Bosco"},"image":{"@id":"https:\/\/www.cadelbosco.com\/it\/#\/schema\/logo\/image\/"},"sameAs":["https:\/\/www.facebook.com\/CaDelBosco","https:\/\/x.com\/cadelboscoita","https:\/\/www.instagram.com\/cadelbosco_official\/"]}]}},"_links":{"self":[{"href":"https:\/\/www.cadelbosco.com\/it\/wp-json\/wp\/v2\/pages\/7959","targetHints":{"allow":["GET"]}}],"collection":[{"href":"https:\/\/www.cadelbosco.com\/it\/wp-json\/wp\/v2\/pages"}],"about":[{"href":"https:\/\/www.cadelbosco.com\/it\/wp-json\/wp\/v2\/types\/page"}],"author":[{"embeddable":true,"href":"https:\/\/www.cadelbosco.com\/it\/wp-json\/wp\/v2\/users\/1"}],"replies":[{"embeddable":true,"href":"https:\/\/www.cadelbosco.com\/it\/wp-json\/wp\/v2\/comments?post=7959"}],"version-history":[{"count":2,"href":"https:\/\/www.cadelbosco.com\/it\/wp-json\/wp\/v2\/pages\/7959\/revisions"}],"predecessor-version":[{"id":7989,"href":"https:\/\/www.cadelbosco.com\/it\/wp-json\/wp\/v2\/pages\/7959\/revisions\/7989"}],"wp:attachment":[{"href":"https:\/\/www.cadelbosco.com\/it\/wp-json\/wp\/v2\/media?parent=7959"}],"curies":[{"name":"wp","href":"https:\/\/api.w.org\/{rel}","templated":true}]}}